{"id":487,"date":"2024-02-19T14:24:09","date_gmt":"2024-02-19T20:24:09","guid":{"rendered":"https:\/\/grupoecoquintas.com\/?page_id=487"},"modified":"2025-10-23T11:36:34","modified_gmt":"2025-10-23T17:36:34","slug":"real-estate-lot-land-financing-la-fortuna-costa-rica","status":"publish","type":"page","link":"https:\/\/grupoecoquintas.com\/en\/real-estate-lot-land-financing-la-fortuna-costa-rica\/","title":{"rendered":"FINANCING"},"content":{"rendered":"\t\t<div data-elementor-type=\"wp-page\" data-elementor-id=\"487\" class=\"elementor elementor-487\">\n\t\t\t\t\t\t<section class=\"elementor-section elementor-top-section elementor-element elementor-element-026296e elementor-section-boxed elementor-section-height-default elementor-section-height-default\" data-id=\"026296e\" data-element_type=\"section\">\n\t\t\t\t\t\t<div class=\"elementor-container elementor-column-gap-default\">\n\t\t\t\t\t<div class=\"elementor-column elementor-col-100 elementor-top-column elementor-element elementor-element-66ab4a0\" data-id=\"66ab4a0\" data-element_type=\"column\">\n\t\t\t<div class=\"elementor-widget-wrap elementor-element-populated\">\n\t\t\t\t\t\t<div class=\"elementor-element elementor-element-9fc34c6 elementor-widget elementor-widget-spacer\" data-id=\"9fc34c6\" data-element_type=\"widget\" data-widget_type=\"spacer.default\">\n\t\t\t\t<div class=\"elementor-widget-container\">\n\t\t\t<style>\/*! elementor - v3.19.0 - 28-02-2024 *\/\n.elementor-column .elementor-spacer-inner{height:var(--spacer-size)}.e-con{--container-widget-width:100%}.e-con-inner>.elementor-widget-spacer,.e-con>.elementor-widget-spacer{width:var(--container-widget-width,var(--spacer-size));--align-self:var(--container-widget-align-self,initial);--flex-shrink:0}.e-con-inner>.elementor-widget-spacer>.elementor-widget-container,.e-con>.elementor-widget-spacer>.elementor-widget-container{height:100%;width:100%}.e-con-inner>.elementor-widget-spacer>.elementor-widget-container>.elementor-spacer,.e-con>.elementor-widget-spacer>.elementor-widget-container>.elementor-spacer{height:100%}.e-con-inner>.elementor-widget-spacer>.elementor-widget-container>.elementor-spacer>.elementor-spacer-inner,.e-con>.elementor-widget-spacer>.elementor-widget-container>.elementor-spacer>.elementor-spacer-inner{height:var(--container-widget-height,var(--spacer-size))}.e-con-inner>.elementor-widget-spacer.elementor-widget-empty,.e-con>.elementor-widget-spacer.elementor-widget-empty{position:relative;min-height:22px;min-width:22px}.e-con-inner>.elementor-widget-spacer.elementor-widget-empty .elementor-widget-empty-icon,.e-con>.elementor-widget-spacer.elementor-widget-empty .elementor-widget-empty-icon{position:absolute;top:0;bottom:0;left:0;right:0;margin:auto;padding:0;width:22px;height:22px}<\/style>\t\t<div class=\"elementor-spacer\">\n\t\t\t<div class=\"elementor-spacer-inner\"><\/div>\n\t\t<\/div>\n\t\t\t\t<\/div>\n\t\t\t\t<\/div>\n\t\t\t\t<div class=\"elementor-element elementor-element-5da0051 elementor-widget__width-initial elementor-widget elementor-widget-image\" data-id=\"5da0051\" data-element_type=\"widget\" data-widget_type=\"image.default\">\n\t\t\t\t<div class=\"elementor-widget-container\">\n\t\t\t<style>\/*! elementor - v3.19.0 - 28-02-2024 *\/\n.elementor-widget-image{text-align:center}.elementor-widget-image a{display:inline-block}.elementor-widget-image a img[src$=\".svg\"]{width:48px}.elementor-widget-image img{vertical-align:middle;display:inline-block}<\/style>\t\t\t\t\t\t\t\t\t\t<img decoding=\"async\" width=\"300\" height=\"123\" src=\"https:\/\/grupoecoquintas.com\/wp-content\/uploads\/2024\/01\/CrediQuintas-sm-300x123-1.png\" class=\"attachment-large size-large wp-image-159\" alt=\"\" \/>\t\t\t\t\t\t\t\t\t\t\t\t\t<\/div>\n\t\t\t\t<\/div>\n\t\t\t\t<div class=\"elementor-element elementor-element-44d6eff elementor-widget elementor-widget-heading\" data-id=\"44d6eff\" data-element_type=\"widget\" data-widget_type=\"heading.default\">\n\t\t\t\t<div class=\"elementor-widget-container\">\n\t\t\t<style>\/*! elementor - v3.19.0 - 28-02-2024 *\/\n.elementor-heading-title{padding:0;margin:0;line-height:1}.elementor-widget-heading .elementor-heading-title[class*=elementor-size-]>a{color:inherit;font-size:inherit;line-height:inherit}.elementor-widget-heading .elementor-heading-title.elementor-size-small{font-size:15px}.elementor-widget-heading .elementor-heading-title.elementor-size-medium{font-size:19px}.elementor-widget-heading .elementor-heading-title.elementor-size-large{font-size:29px}.elementor-widget-heading .elementor-heading-title.elementor-size-xl{font-size:39px}.elementor-widget-heading .elementor-heading-title.elementor-size-xxl{font-size:59px}<\/style><h1 class=\"elementor-heading-title elementor-size-large\">Le Financiamos el 100% de su Quinta, Lote o Terreno <\/h1>\t\t<\/div>\n\t\t\t\t<\/div>\n\t\t\t\t<div class=\"elementor-element elementor-element-4836a4d elementor-widget elementor-widget-heading\" data-id=\"4836a4d\" data-element_type=\"widget\" data-widget_type=\"heading.default\">\n\t\t\t\t<div class=\"elementor-widget-container\">\n\t\t\t<h2 class=\"elementor-heading-title elementor-size-large\">CrediQuintas<\/h2>\t\t<\/div>\n\t\t\t\t<\/div>\n\t\t\t\t<div class=\"elementor-element elementor-element-7fd0787 elementor-widget elementor-widget-text-editor\" data-id=\"7fd0787\" data-element_type=\"widget\" data-widget_type=\"text-editor.default\">\n\t\t\t\t<div class=\"elementor-widget-container\">\n\t\t\t<style>\/*! elementor - v3.19.0 - 28-02-2024 *\/\n.elementor-widget-text-editor.elementor-drop-cap-view-stacked .elementor-drop-cap{background-color:#69727d;color:#fff}.elementor-widget-text-editor.elementor-drop-cap-view-framed .elementor-drop-cap{color:#69727d;border:3px solid;background-color:transparent}.elementor-widget-text-editor:not(.elementor-drop-cap-view-default) .elementor-drop-cap{margin-top:8px}.elementor-widget-text-editor:not(.elementor-drop-cap-view-default) .elementor-drop-cap-letter{width:1em;height:1em}.elementor-widget-text-editor .elementor-drop-cap{float:left;text-align:center;line-height:1;font-size:50px}.elementor-widget-text-editor .elementor-drop-cap-letter{display:inline-block}<\/style>\t\t\t\tCrediQuintas es nuestro sistema completo de financiamiento de las propiedades de Grupo Ecoquintas. Una soluci\u00f3n \u00fanica y completa dise\u00f1ada para poder hacer realidad el sue\u00f1o de toda familia de tener su propio terreno.\t\t\t\t\t\t<\/div>\n\t\t\t\t<\/div>\n\t\t\t\t<div class=\"elementor-element elementor-element-e4d8372 elementor-widget elementor-widget-spacer\" data-id=\"e4d8372\" data-element_type=\"widget\" data-widget_type=\"spacer.default\">\n\t\t\t\t<div class=\"elementor-widget-container\">\n\t\t\t\t\t<div class=\"elementor-spacer\">\n\t\t\t<div class=\"elementor-spacer-inner\"><\/div>\n\t\t<\/div>\n\t\t\t\t<\/div>\n\t\t\t\t<\/div>\n\t\t\t\t\t<\/div>\n\t\t<\/div>\n\t\t\t\t\t<\/div>\n\t\t<\/section>\n\t\t\t\t<section class=\"elementor-section elementor-top-section elementor-element elementor-element-c50c8a6 elementor-section-boxed elementor-section-height-default elementor-section-height-default\" data-id=\"c50c8a6\" data-element_type=\"section\">\n\t\t\t\t\t\t<div class=\"elementor-container elementor-column-gap-default\">\n\t\t\t\t\t<div class=\"elementor-column elementor-col-50 elementor-top-column elementor-element elementor-element-8c329e0\" data-id=\"8c329e0\" data-element_type=\"column\">\n\t\t\t<div class=\"elementor-widget-wrap elementor-element-populated\">\n\t\t\t\t\t\t<div class=\"elementor-element elementor-element-6644653 elementor-widget elementor-widget-text-editor\" data-id=\"6644653\" data-element_type=\"widget\" data-widget_type=\"text-editor.default\">\n\t\t\t\t<div class=\"elementor-widget-container\">\n\t\t\t\t\t\t\t<ul><li>Nuestro financiamiento<br \/>Sin prima y sin fiador, ni estudios crediticios.<\/li><li>Inmediato y por el 100% del monto.<\/li><li>Solamente necesita fotocopia de su c\u00e9dula o pasaporte y el monto de la primer cuota.<\/li><li>Puede realizar abonos extraordinarios o cancelar en el momento que lo deseen sin penalidades.<\/li><\/ul>\t\t\t\t\t\t<\/div>\n\t\t\t\t<\/div>\n\t\t\t\t\t<\/div>\n\t\t<\/div>\n\t\t\t\t<div class=\"elementor-column elementor-col-50 elementor-top-column elementor-element elementor-element-4acecd2\" data-id=\"4acecd2\" data-element_type=\"column\">\n\t\t\t<div class=\"elementor-widget-wrap elementor-element-populated\">\n\t\t\t\t\t\t<div class=\"elementor-element elementor-element-4b45577 elementor-widget elementor-widget-video\" data-id=\"4b45577\" data-element_type=\"widget\" data-settings=\"{&quot;youtube_url&quot;:&quot;https:\\\/\\\/www.youtube.com\\\/watch?v=s8MRBg5OxUA&quot;,&quot;video_type&quot;:&quot;youtube&quot;,&quot;controls&quot;:&quot;yes&quot;}\" data-widget_type=\"video.default\">\n\t\t\t\t<div class=\"elementor-widget-container\">\n\t\t\t<style>\/*! elementor - v3.19.0 - 28-02-2024 *\/\n.elementor-widget-video .elementor-widget-container{overflow:hidden;transform:translateZ(0)}.elementor-widget-video .elementor-wrapper{aspect-ratio:var(--video-aspect-ratio)}.elementor-widget-video .elementor-wrapper iframe,.elementor-widget-video .elementor-wrapper video{height:100%;width:100%;display:flex;border:none;background-color:#000}@supports not (aspect-ratio:1\/1){.elementor-widget-video .elementor-wrapper{position:relative;overflow:hidden;height:0;padding-bottom:calc(100% \/ var(--video-aspect-ratio))}.elementor-widget-video .elementor-wrapper iframe,.elementor-widget-video .elementor-wrapper video{position:absolute;top:0;right:0;bottom:0;left:0}}.elementor-widget-video .elementor-open-inline .elementor-custom-embed-image-overlay{position:absolute;top:0;right:0;bottom:0;left:0;background-size:cover;background-position:50%}.elementor-widget-video .elementor-custom-embed-image-overlay{cursor:pointer;text-align:center}.elementor-widget-video .elementor-custom-embed-image-overlay:hover .elementor-custom-embed-play i{opacity:1}.elementor-widget-video .elementor-custom-embed-image-overlay img{display:block;width:100%;aspect-ratio:var(--video-aspect-ratio);-o-object-fit:cover;object-fit:cover;-o-object-position:center center;object-position:center center}@supports not (aspect-ratio:1\/1){.elementor-widget-video .elementor-custom-embed-image-overlay{position:relative;overflow:hidden;height:0;padding-bottom:calc(100% \/ var(--video-aspect-ratio))}.elementor-widget-video .elementor-custom-embed-image-overlay img{position:absolute;top:0;right:0;bottom:0;left:0}}.elementor-widget-video .e-hosted-video .elementor-video{-o-object-fit:cover;object-fit:cover}.e-con-inner>.elementor-widget-video,.e-con>.elementor-widget-video{width:var(--container-widget-width);--flex-grow:var(--container-widget-flex-grow)}<\/style>\t\t<div class=\"elementor-wrapper elementor-open-inline\">\n\t\t\t<div class=\"elementor-video\"><\/div>\t\t<\/div>\n\t\t\t\t<\/div>\n\t\t\t\t<\/div>\n\t\t\t\t\t<\/div>\n\t\t<\/div>\n\t\t\t\t\t<\/div>\n\t\t<\/section>\n\t\t\t\t<section class=\"elementor-section elementor-top-section elementor-element elementor-element-4706c29 elementor-section-boxed elementor-section-height-default elementor-section-height-default\" data-id=\"4706c29\" data-element_type=\"section\">\n\t\t\t\t\t\t<div class=\"elementor-container elementor-column-gap-default\">\n\t\t\t\t\t<div class=\"elementor-column elementor-col-100 elementor-top-column elementor-element elementor-element-454e0cb\" data-id=\"454e0cb\" data-element_type=\"column\">\n\t\t\t<div class=\"elementor-widget-wrap\">\n\t\t\t\t\t\t\t<\/div>\n\t\t<\/div>\n\t\t\t\t\t<\/div>\n\t\t<\/section>\n\t\t\t\t<\/div>\n\t\t","protected":false},"excerpt":{"rendered":"<p>Le Financiamos el 100% de su Quinta, Lote o Terreno CrediQuintas CrediQuintas es nuestro sistema completo de financiamiento de las propiedades de Grupo Ecoquintas. Una soluci\u00f3n \u00fanica y completa dise\u00f1ada para poder hacer realidad el sue\u00f1o de toda familia de tener su propio terreno. Nuestro financiamientoSin prima y sin fiador, ni estudios crediticios. Inmediato y [&hellip;]<\/p>\n","protected":false},"author":1,"featured_media":0,"parent":0,"menu_order":0,"comment_status":"closed","ping_status":"closed","template":"","meta":{"content-type":"","footnotes":""},"class_list":["post-487","page","type-page","status-publish","hentry"],"yoast_head":"<!-- This site is optimized with the Yoast SEO plugin v23.7 - https:\/\/yoast.com\/wordpress\/plugins\/seo\/ -->\n<title>Terrenos y Lotes 100% Financiados en La Fortuna | Grupo EcoQuintas<\/title>\n<meta name=\"description\" content=\"EcoQuintas le financia el 100% de su lote o terreno en La Fortuna de San Carlos. Su quinta financiada en cuotas fijas, sin prima y sin fiador.\" \/>\n<meta name=\"robots\" content=\"index, follow, max-snippet:-1, max-image-preview:large, max-video-preview:-1\" \/>\n<link rel=\"canonical\" href=\"https:\/\/grupoecoquintas.com\/en\/real-estate-lot-land-financing-la-fortuna-costa-rica\/\" \/>\n<meta property=\"og:locale\" content=\"en_US\" \/>\n<meta property=\"og:type\" content=\"article\" \/>\n<meta property=\"og:title\" content=\"Terrenos y Lotes 100% Financiados en La Fortuna | Grupo EcoQuintas\" \/>\n<meta property=\"og:description\" content=\"EcoQuintas le financia el 100% de su lote o terreno en La Fortuna de San Carlos. Su quinta financiada en cuotas fijas, sin prima y sin fiador.\" \/>\n<meta property=\"og:url\" content=\"https:\/\/grupoecoquintas.com\/en\/real-estate-lot-land-financing-la-fortuna-costa-rica\/\" \/>\n<meta property=\"og:site_name\" content=\"Grupo EcoQuintas\" \/>\n<meta property=\"article:modified_time\" content=\"2025-10-23T17:36:34+00:00\" \/>\n<meta property=\"og:image\" content=\"https:\/\/grupoecoquintas.com\/wp-content\/uploads\/2024\/01\/CrediQuintas-sm-300x123-1.png\" \/>\n<meta name=\"twitter:card\" content=\"summary_large_image\" \/>\n<meta name=\"twitter:label1\" content=\"Est. reading time\" \/>\n\t<meta name=\"twitter:data1\" content=\"1 minute\" \/>\n<script type=\"application\/ld+json\" class=\"yoast-schema-graph\">{\"@context\":\"https:\/\/schema.org\",\"@graph\":[{\"@type\":\"WebPage\",\"@id\":\"https:\/\/grupoecoquintas.com\/financiamiento-lotes-terrenos-quintas\/\",\"url\":\"https:\/\/grupoecoquintas.com\/financiamiento-lotes-terrenos-quintas\/\",\"name\":\"Terrenos y Lotes 100% Financiados en La Fortuna | Grupo EcoQuintas\",\"isPartOf\":{\"@id\":\"https:\/\/grupoecoquintas.com\/#website\"},\"primaryImageOfPage\":{\"@id\":\"https:\/\/grupoecoquintas.com\/financiamiento-lotes-terrenos-quintas\/#primaryimage\"},\"image\":{\"@id\":\"https:\/\/grupoecoquintas.com\/financiamiento-lotes-terrenos-quintas\/#primaryimage\"},\"thumbnailUrl\":\"https:\/\/grupoecoquintas.com\/wp-content\/uploads\/2024\/01\/CrediQuintas-sm-300x123-1.png\",\"datePublished\":\"2024-02-19T20:24:09+00:00\",\"dateModified\":\"2025-10-23T17:36:34+00:00\",\"description\":\"EcoQuintas le financia el 100% de su lote o terreno en La Fortuna de San Carlos. Su quinta financiada en cuotas fijas, sin prima y sin fiador.\",\"breadcrumb\":{\"@id\":\"https:\/\/grupoecoquintas.com\/financiamiento-lotes-terrenos-quintas\/#breadcrumb\"},\"inLanguage\":\"en-US\",\"potentialAction\":[{\"@type\":\"ReadAction\",\"target\":[\"https:\/\/grupoecoquintas.com\/financiamiento-lotes-terrenos-quintas\/\"]}]},{\"@type\":\"ImageObject\",\"inLanguage\":\"en-US\",\"@id\":\"https:\/\/grupoecoquintas.com\/financiamiento-lotes-terrenos-quintas\/#primaryimage\",\"url\":\"https:\/\/grupoecoquintas.com\/wp-content\/uploads\/2024\/01\/CrediQuintas-sm-300x123-1.png\",\"contentUrl\":\"https:\/\/grupoecoquintas.com\/wp-content\/uploads\/2024\/01\/CrediQuintas-sm-300x123-1.png\"},{\"@type\":\"BreadcrumbList\",\"@id\":\"https:\/\/grupoecoquintas.com\/financiamiento-lotes-terrenos-quintas\/#breadcrumb\",\"itemListElement\":[{\"@type\":\"ListItem\",\"position\":1,\"name\":\"Portada\",\"item\":\"https:\/\/grupoecoquintas.com\/\"},{\"@type\":\"ListItem\",\"position\":2,\"name\":\"Financiamiento\"}]},{\"@type\":\"WebSite\",\"@id\":\"https:\/\/grupoecoquintas.com\/#website\",\"url\":\"https:\/\/grupoecoquintas.com\/\",\"name\":\"Grupo EcoQuintas\",\"description\":\"\",\"publisher\":{\"@id\":\"https:\/\/grupoecoquintas.com\/#organization\"},\"potentialAction\":[{\"@type\":\"SearchAction\",\"target\":{\"@type\":\"EntryPoint\",\"urlTemplate\":\"https:\/\/grupoecoquintas.com\/?s={search_term_string}\"},\"query-input\":{\"@type\":\"PropertyValueSpecification\",\"valueRequired\":true,\"valueName\":\"search_term_string\"}}],\"inLanguage\":\"en-US\"},{\"@type\":\"Organization\",\"@id\":\"https:\/\/grupoecoquintas.com\/#organization\",\"name\":\"Grupo EcoQuintas\",\"url\":\"https:\/\/grupoecoquintas.com\/\",\"logo\":{\"@type\":\"ImageObject\",\"inLanguage\":\"en-US\",\"@id\":\"https:\/\/grupoecoquintas.com\/#\/schema\/logo\/image\/\",\"url\":\"https:\/\/grupoecoquintas.com\/wp-content\/uploads\/2024\/03\/cropped-EcoQuintas-Logo-512x512-1.png\",\"contentUrl\":\"https:\/\/grupoecoquintas.com\/wp-content\/uploads\/2024\/03\/cropped-EcoQuintas-Logo-512x512-1.png\",\"width\":512,\"height\":512,\"caption\":\"Grupo EcoQuintas\"},\"image\":{\"@id\":\"https:\/\/grupoecoquintas.com\/#\/schema\/logo\/image\/\"}}]}<\/script>\n<!-- \/ Yoast SEO plugin. -->","yoast_head_json":{"title":"Real Estate, Lots, Land in La Fortuna Costa Rica 100% Financed","description":"EcoQuintas finances 100% of your lot or land in La Fortuna, San Carlos, Costa Rica. Fixed installments, no down payment and no guarantor.","robots":{"index":"index","follow":"follow","max-snippet":"max-snippet:-1","max-image-preview":"max-image-preview:large","max-video-preview":"max-video-preview:-1"},"canonical":"https:\/\/grupoecoquintas.com\/en\/real-estate-lot-land-financing-la-fortuna-costa-rica\/","og_locale":"en_US","og_type":"article","og_title":"Terrenos y Lotes 100% Financiados en La Fortuna | Grupo EcoQuintas","og_description":"EcoQuintas le financia el 100% de su lote o terreno en La Fortuna de San Carlos. Su quinta financiada en cuotas fijas, sin prima y sin fiador.","og_url":"https:\/\/grupoecoquintas.com\/en\/real-estate-lot-land-financing-la-fortuna-costa-rica\/","og_site_name":"Grupo EcoQuintas","article_modified_time":"2025-10-23T17:36:34+00:00","og_image":[{"url":"https:\/\/grupoecoquintas.com\/wp-content\/uploads\/2024\/01\/CrediQuintas-sm-300x123-1.png"}],"twitter_card":"summary_large_image","twitter_misc":{"Est. reading time":"1 minute"},"schema":{"@context":"https:\/\/schema.org","@graph":[{"@type":"WebPage","@id":"https:\/\/grupoecoquintas.com\/financiamiento-lotes-terrenos-quintas\/","url":"https:\/\/grupoecoquintas.com\/financiamiento-lotes-terrenos-quintas\/","name":"Real Estate, Lots, Land in La Fortuna Costa Rica 100% Financed","isPartOf":{"@id":"https:\/\/grupoecoquintas.com\/#website"},"primaryImageOfPage":{"@id":"https:\/\/grupoecoquintas.com\/financiamiento-lotes-terrenos-quintas\/#primaryimage"},"image":{"@id":"https:\/\/grupoecoquintas.com\/financiamiento-lotes-terrenos-quintas\/#primaryimage"},"thumbnailUrl":"https:\/\/grupoecoquintas.com\/wp-content\/uploads\/2024\/01\/CrediQuintas-sm-300x123-1.png","datePublished":"2024-02-19T20:24:09+00:00","dateModified":"2025-10-23T17:36:34+00:00","description":"EcoQuintas finances 100% of your lot or land in La Fortuna, San Carlos, Costa Rica. Fixed installments, no down payment and no guarantor.","breadcrumb":{"@id":"https:\/\/grupoecoquintas.com\/financiamiento-lotes-terrenos-quintas\/#breadcrumb"},"inLanguage":"en-US","potentialAction":[{"@type":"ReadAction","target":["https:\/\/grupoecoquintas.com\/financiamiento-lotes-terrenos-quintas\/"]}]},{"@type":"ImageObject","inLanguage":"en-US","@id":"https:\/\/grupoecoquintas.com\/financiamiento-lotes-terrenos-quintas\/#primaryimage","url":"https:\/\/grupoecoquintas.com\/wp-content\/uploads\/2024\/01\/CrediQuintas-sm-300x123-1.png","contentUrl":"https:\/\/grupoecoquintas.com\/wp-content\/uploads\/2024\/01\/CrediQuintas-sm-300x123-1.png"},{"@type":"BreadcrumbList","@id":"https:\/\/grupoecoquintas.com\/financiamiento-lotes-terrenos-quintas\/#breadcrumb","itemListElement":[{"@type":"ListItem","position":1,"name":"Portada","item":"https:\/\/grupoecoquintas.com\/"},{"@type":"ListItem","position":2,"name":"Financiamiento"}]},{"@type":"WebSite","@id":"https:\/\/grupoecoquintas.com\/#website","url":"https:\/\/grupoecoquintas.com\/","name":"Grupo EcoQuintas","description":"","publisher":{"@id":"https:\/\/grupoecoquintas.com\/#organization"},"potentialAction":[{"@type":"SearchAction","target":{"@type":"EntryPoint","urlTemplate":"https:\/\/grupoecoquintas.com\/?s={search_term_string}"},"query-input":{"@type":"PropertyValueSpecification","valueRequired":true,"valueName":"search_term_string"}}],"inLanguage":"en-US"},{"@type":"Organization","@id":"https:\/\/grupoecoquintas.com\/#organization","name":"Grupo EcoQuintas","url":"https:\/\/grupoecoquintas.com\/","logo":{"@type":"ImageObject","inLanguage":"en-US","@id":"https:\/\/grupoecoquintas.com\/#\/schema\/logo\/image\/","url":"https:\/\/grupoecoquintas.com\/wp-content\/uploads\/2024\/03\/cropped-EcoQuintas-Logo-512x512-1.png","contentUrl":"https:\/\/grupoecoquintas.com\/wp-content\/uploads\/2024\/03\/cropped-EcoQuintas-Logo-512x512-1.png","width":512,"height":512,"caption":"Grupo EcoQuintas"},"image":{"@id":"https:\/\/grupoecoquintas.com\/#\/schema\/logo\/image\/"}}]}},"_links":{"self":[{"href":"https:\/\/grupoecoquintas.com\/en\/wp-json\/wp\/v2\/pages\/487","targetHints":{"allow":["GET"]}}],"collection":[{"href":"https:\/\/grupoecoquintas.com\/en\/wp-json\/wp\/v2\/pages"}],"about":[{"href":"https:\/\/grupoecoquintas.com\/en\/wp-json\/wp\/v2\/types\/page"}],"author":[{"embeddable":true,"href":"https:\/\/grupoecoquintas.com\/en\/wp-json\/wp\/v2\/users\/1"}],"replies":[{"embeddable":true,"href":"https:\/\/grupoecoquintas.com\/en\/wp-json\/wp\/v2\/comments?post=487"}],"version-history":[{"count":6,"href":"https:\/\/grupoecoquintas.com\/en\/wp-json\/wp\/v2\/pages\/487\/revisions"}],"predecessor-version":[{"id":1877,"href":"https:\/\/grupoecoquintas.com\/en\/wp-json\/wp\/v2\/pages\/487\/revisions\/1877"}],"wp:attachment":[{"href":"https:\/\/grupoecoquintas.com\/en\/wp-json\/wp\/v2\/media?parent=487"}],"curies":[{"name":"wp","href":"https:\/\/api.w.org\/{rel}","templated":true}]}}